{"id":1425,"date":"2023-10-04T06:23:26","date_gmt":"2023-10-04T09:23:26","guid":{"rendered":"https:\/\/pade.com.br\/?page_id=1425"},"modified":"2025-12-10T15:33:46","modified_gmt":"2025-12-10T18:33:46","slug":"eixo-agropecuaria","status":"publish","type":"page","link":"https:\/\/pade.com.br\/?page_id=1425","title":{"rendered":"Eixo &#8211; Agropecu\u00e1ria e Desenvolvimento Rural"},"content":{"rendered":"\n<p>O fortalecimento do campo \u00e9 vital para a economia local. Focamos na valoriza\u00e7\u00e3o do produtor rural e da agricultura familiar, buscando modernizar t\u00e9cnicas e abrir novos mercados. O objetivo \u00e9 garantir seguran\u00e7a alimentar e transformar a produ\u00e7\u00e3o rural em uma fonte robusta de renda e sustentabilidade.<\/p>\n","protected":false},"excerpt":{"rendered":"<p>O fortalecimento do campo \u00e9 vital para a economia local. Focamos na valoriza\u00e7\u00e3o do produtor rural e da agricultura familiar, buscando modernizar t\u00e9cnicas e abrir novos mercados. O objetivo \u00e9 garantir seguran\u00e7a alimentar e transformar a produ\u00e7\u00e3o rural em uma fonte robusta de renda e sustentabilidade.<\/p>\n","protected":false},"author":1,"featured_media":1433,"parent":0,"menu_order":0,"comment_status":"closed","ping_status":"closed","template":"","meta":{"footnotes":""},"class_list":["post-1425","page","type-page","status-publish","has-post-thumbnail","hentry"],"_links":{"self":[{"href":"https:\/\/pade.com.br\/index.php?rest_route=\/wp\/v2\/pages\/1425","targetHints":{"allow":["GET"]}}],"collection":[{"href":"https:\/\/pade.com.br\/index.php?rest_route=\/wp\/v2\/pages"}],"about":[{"href":"https:\/\/pade.com.br\/index.php?rest_route=\/wp\/v2\/types\/page"}],"author":[{"embeddable":true,"href":"https:\/\/pade.com.br\/index.php?rest_route=\/wp\/v2\/users\/1"}],"replies":[{"embeddable":true,"href":"https:\/\/pade.com.br\/index.php?rest_route=%2Fwp%2Fv2%2Fcomments&post=1425"}],"version-history":[{"count":3,"href":"https:\/\/pade.com.br\/index.php?rest_route=\/wp\/v2\/pages\/1425\/revisions"}],"predecessor-version":[{"id":1949,"href":"https:\/\/pade.com.br\/index.php?rest_route=\/wp\/v2\/pages\/1425\/revisions\/1949"}],"wp:featuredmedia":[{"embeddable":true,"href":"https:\/\/pade.com.br\/index.php?rest_route=\/wp\/v2\/media\/1433"}],"wp:attachment":[{"href":"https:\/\/pade.com.br\/index.php?rest_route=%2Fwp%2Fv2%2Fmedia&parent=1425"}],"curies":[{"name":"wp","href":"https:\/\/api.w.org\/{rel}","templated":true}]}}