{"id":1434,"date":"2023-10-04T06:34:42","date_gmt":"2023-10-04T09:34:42","guid":{"rendered":"https:\/\/pade.com.br\/?page_id=1434"},"modified":"2025-12-10T15:49:16","modified_gmt":"2025-12-10T18:49:16","slug":"eixo-inovacao-e-tecnologia","status":"publish","type":"page","link":"https:\/\/pade.com.br\/?page_id=1434","title":{"rendered":"Eixo &#8211; Inova\u00e7\u00e3o e Tecnologia"},"content":{"rendered":"\n<p>A tecnologia e a inova\u00e7\u00e3o s\u00e3o essenciais para o desenvolvimento das empresas e da sociedade como um todo. A partir das melhorias \u00e9 que diversas \u00e1reas da sociedade avan\u00e7am. Isso acontece porque os processos passam por melhorias e revis\u00f5es.<\/p>\n","protected":false},"excerpt":{"rendered":"<p>A tecnologia e a inova\u00e7\u00e3o s\u00e3o essenciais para o desenvolvimento das empresas e da sociedade como um todo. A partir das melhorias \u00e9 que diversas \u00e1reas da sociedade avan\u00e7am. Isso acontece porque os processos passam por melhorias e revis\u00f5es.<\/p>\n","protected":false},"author":1,"featured_media":1435,"parent":0,"menu_order":0,"comment_status":"closed","ping_status":"closed","template":"","meta":{"footnotes":""},"class_list":["post-1434","page","type-page","status-publish","has-post-thumbnail","hentry"],"_links":{"self":[{"href":"https:\/\/pade.com.br\/index.php?rest_route=\/wp\/v2\/pages\/1434","targetHints":{"allow":["GET"]}}],"collection":[{"href":"https:\/\/pade.com.br\/index.php?rest_route=\/wp\/v2\/pages"}],"about":[{"href":"https:\/\/pade.com.br\/index.php?rest_route=\/wp\/v2\/types\/page"}],"author":[{"embeddable":true,"href":"https:\/\/pade.com.br\/index.php?rest_route=\/wp\/v2\/users\/1"}],"replies":[{"embeddable":true,"href":"https:\/\/pade.com.br\/index.php?rest_route=%2Fwp%2Fv2%2Fcomments&post=1434"}],"version-history":[{"count":2,"href":"https:\/\/pade.com.br\/index.php?rest_route=\/wp\/v2\/pages\/1434\/revisions"}],"predecessor-version":[{"id":1950,"href":"https:\/\/pade.com.br\/index.php?rest_route=\/wp\/v2\/pages\/1434\/revisions\/1950"}],"wp:featuredmedia":[{"embeddable":true,"href":"https:\/\/pade.com.br\/index.php?rest_route=\/wp\/v2\/media\/1435"}],"wp:attachment":[{"href":"https:\/\/pade.com.br\/index.php?rest_route=%2Fwp%2Fv2%2Fmedia&parent=1434"}],"curies":[{"name":"wp","href":"https:\/\/api.w.org\/{rel}","templated":true}]}}