{"id":1484,"date":"2023-10-16T18:48:54","date_gmt":"2023-10-16T21:48:54","guid":{"rendered":"https:\/\/pade.com.br\/?page_id=1484"},"modified":"2025-12-10T15:40:12","modified_gmt":"2025-12-10T18:40:12","slug":"economia-verde","status":"publish","type":"page","link":"https:\/\/pade.com.br\/?page_id=1484","title":{"rendered":"Eixo -Economia Verde"},"content":{"rendered":"\n<p>O desenvolvimento do futuro precisa estar alinhado \u00e0 preserva\u00e7\u00e3o. Este eixo transforma desafios ambientais, como o manejo de rejeitos, em oportunidades econ\u00f4micas. Buscamos solu\u00e7\u00f5es que reaproveitem recursos e promovam a sustentabilidade, gerando valor financeiro a partir da responsabilidade ecol\u00f3gica.<\/p>\n","protected":false},"excerpt":{"rendered":"<p>O desenvolvimento do futuro precisa estar alinhado \u00e0 preserva\u00e7\u00e3o. Este eixo transforma desafios ambientais, como o manejo de rejeitos, em oportunidades econ\u00f4micas. Buscamos solu\u00e7\u00f5es que reaproveitem recursos e promovam a sustentabilidade, gerando valor financeiro a partir da responsabilidade ecol\u00f3gica.<\/p>\n","protected":false},"author":1,"featured_media":0,"parent":0,"menu_order":0,"comment_status":"closed","ping_status":"closed","template":"","meta":{"footnotes":""},"class_list":["post-1484","page","type-page","status-publish","hentry"],"_links":{"self":[{"href":"https:\/\/pade.com.br\/index.php?rest_route=\/wp\/v2\/pages\/1484","targetHints":{"allow":["GET"]}}],"collection":[{"href":"https:\/\/pade.com.br\/index.php?rest_route=\/wp\/v2\/pages"}],"about":[{"href":"https:\/\/pade.com.br\/index.php?rest_route=\/wp\/v2\/types\/page"}],"author":[{"embeddable":true,"href":"https:\/\/pade.com.br\/index.php?rest_route=\/wp\/v2\/users\/1"}],"replies":[{"embeddable":true,"href":"https:\/\/pade.com.br\/index.php?rest_route=%2Fwp%2Fv2%2Fcomments&post=1484"}],"version-history":[{"count":3,"href":"https:\/\/pade.com.br\/index.php?rest_route=\/wp\/v2\/pages\/1484\/revisions"}],"predecessor-version":[{"id":1952,"href":"https:\/\/pade.com.br\/index.php?rest_route=\/wp\/v2\/pages\/1484\/revisions\/1952"}],"wp:attachment":[{"href":"https:\/\/pade.com.br\/index.php?rest_route=%2Fwp%2Fv2%2Fmedia&parent=1484"}],"curies":[{"name":"wp","href":"https:\/\/api.w.org\/{rel}","templated":true}]}}