{"id":1486,"date":"2023-10-16T18:51:54","date_gmt":"2023-10-16T21:51:54","guid":{"rendered":"https:\/\/pade.com.br\/?page_id=1486"},"modified":"2025-12-10T15:48:22","modified_gmt":"2025-12-10T18:48:22","slug":"turismo","status":"publish","type":"page","link":"https:\/\/pade.com.br\/?page_id=1486","title":{"rendered":"Eixo &#8211; Turismo"},"content":{"rendered":"\n<p>Sendo uma das principais voca\u00e7\u00f5es da cidade, o turismo possui um potencial de expans\u00e3o cont\u00ednuo. Buscamos diversificar as experi\u00eancias oferecidas, indo al\u00e9m do roteiro tradicional. O foco \u00e9 estruturar novos atrativos e rotas que aumentem o fluxo de visitantes e distribuam a renda tur\u00edstica por todo o territ\u00f3rio.<\/p>\n","protected":false},"excerpt":{"rendered":"<p>Sendo uma das principais voca\u00e7\u00f5es da cidade, o turismo possui um potencial de expans\u00e3o cont\u00ednuo. Buscamos diversificar as experi\u00eancias oferecidas, indo al\u00e9m do roteiro tradicional. O foco \u00e9 estruturar novos atrativos e rotas que aumentem o fluxo de visitantes e distribuam a renda tur\u00edstica por todo o territ\u00f3rio.<\/p>\n","protected":false},"author":1,"featured_media":0,"parent":0,"menu_order":0,"comment_status":"closed","ping_status":"closed","template":"","meta":{"footnotes":""},"class_list":["post-1486","page","type-page","status-publish","hentry"],"_links":{"self":[{"href":"https:\/\/pade.com.br\/index.php?rest_route=\/wp\/v2\/pages\/1486","targetHints":{"allow":["GET"]}}],"collection":[{"href":"https:\/\/pade.com.br\/index.php?rest_route=\/wp\/v2\/pages"}],"about":[{"href":"https:\/\/pade.com.br\/index.php?rest_route=\/wp\/v2\/types\/page"}],"author":[{"embeddable":true,"href":"https:\/\/pade.com.br\/index.php?rest_route=\/wp\/v2\/users\/1"}],"replies":[{"embeddable":true,"href":"https:\/\/pade.com.br\/index.php?rest_route=%2Fwp%2Fv2%2Fcomments&post=1486"}],"version-history":[{"count":3,"href":"https:\/\/pade.com.br\/index.php?rest_route=\/wp\/v2\/pages\/1486\/revisions"}],"predecessor-version":[{"id":1954,"href":"https:\/\/pade.com.br\/index.php?rest_route=\/wp\/v2\/pages\/1486\/revisions\/1954"}],"wp:attachment":[{"href":"https:\/\/pade.com.br\/index.php?rest_route=%2Fwp%2Fv2%2Fmedia&parent=1486"}],"curies":[{"name":"wp","href":"https:\/\/api.w.org\/{rel}","templated":true}]}}