{"id":1488,"date":"2023-10-16T18:53:32","date_gmt":"2023-10-16T21:53:32","guid":{"rendered":"https:\/\/pade.com.br\/?page_id=1488"},"modified":"2025-12-10T15:54:57","modified_gmt":"2025-12-10T18:54:57","slug":"empreendedorismo-e-inclusao-produtiva","status":"publish","type":"page","link":"https:\/\/pade.com.br\/?page_id=1488","title":{"rendered":"Eixo &#8211; Empreendedorismo e Inclus\u00e3o Produtiva"},"content":{"rendered":"\n<p>Fomentar o esp\u00edrito empreendedor \u00e9 essencial para dinamizar a economia. Trabalhamos para criar um ambiente favor\u00e1vel aos pequenos neg\u00f3cios e microempreendedores, oferecendo suporte e capacita\u00e7\u00e3o. A meta \u00e9 gerar autonomia financeira e incluir mais pessoas no ciclo produtivo da cidade.<\/p>\n","protected":false},"excerpt":{"rendered":"<p>Fomentar o esp\u00edrito empreendedor \u00e9 essencial para dinamizar a economia. Trabalhamos para criar um ambiente favor\u00e1vel aos pequenos neg\u00f3cios e microempreendedores, oferecendo suporte e capacita\u00e7\u00e3o. A meta \u00e9 gerar autonomia financeira e incluir mais pessoas no ciclo produtivo da cidade.<\/p>\n","protected":false},"author":1,"featured_media":0,"parent":0,"menu_order":0,"comment_status":"closed","ping_status":"closed","template":"","meta":{"footnotes":""},"class_list":["post-1488","page","type-page","status-publish","hentry"],"_links":{"self":[{"href":"https:\/\/pade.com.br\/index.php?rest_route=\/wp\/v2\/pages\/1488","targetHints":{"allow":["GET"]}}],"collection":[{"href":"https:\/\/pade.com.br\/index.php?rest_route=\/wp\/v2\/pages"}],"about":[{"href":"https:\/\/pade.com.br\/index.php?rest_route=\/wp\/v2\/types\/page"}],"author":[{"embeddable":true,"href":"https:\/\/pade.com.br\/index.php?rest_route=\/wp\/v2\/users\/1"}],"replies":[{"embeddable":true,"href":"https:\/\/pade.com.br\/index.php?rest_route=%2Fwp%2Fv2%2Fcomments&post=1488"}],"version-history":[{"count":3,"href":"https:\/\/pade.com.br\/index.php?rest_route=\/wp\/v2\/pages\/1488\/revisions"}],"predecessor-version":[{"id":1957,"href":"https:\/\/pade.com.br\/index.php?rest_route=\/wp\/v2\/pages\/1488\/revisions\/1957"}],"wp:attachment":[{"href":"https:\/\/pade.com.br\/index.php?rest_route=%2Fwp%2Fv2%2Fmedia&parent=1488"}],"curies":[{"name":"wp","href":"https:\/\/api.w.org\/{rel}","templated":true}]}}