{"id":1494,"date":"2023-10-16T19:34:12","date_gmt":"2023-10-16T22:34:12","guid":{"rendered":"https:\/\/pade.com.br\/?page_id=1494"},"modified":"2023-10-16T19:37:40","modified_gmt":"2023-10-16T22:37:40","slug":"perguntas-frequentes","status":"publish","type":"page","link":"https:\/\/pade.com.br\/?page_id=1494","title":{"rendered":"FAQ"},"content":{"rendered":"\t\t<div data-elementor-type=\"wp-page\" data-elementor-id=\"1494\" class=\"elementor elementor-1494\">\n\t\t\t\t<div class=\"elementor-element elementor-element-1d4cbb9 e-flex e-con-boxed e-con e-parent\" data-id=\"1d4cbb9\" data-element_type=\"container\">\n\t\t\t\t\t<div class=\"e-con-inner\">\n\t\t\t\t<div class=\"elementor-element elementor-element-c0b19e0 elementor-widget elementor-widget-accordion\" data-id=\"c0b19e0\" data-element_type=\"widget\" data-widget_type=\"accordion.default\">\n\t\t\t\t<div class=\"elementor-widget-container\">\n\t\t\t\t\t\t\t<div class=\"elementor-accordion\">\n\t\t\t\t\t\t\t<div class=\"elementor-accordion-item\">\n\t\t\t\t\t<div id=\"elementor-tab-title-2021\" class=\"elementor-tab-title\" data-tab=\"1\" role=\"button\" aria-controls=\"elementor-tab-content-2021\" aria-expanded=\"false\">\n\t\t\t\t\t\t\t\t\t\t\t\t\t<span class=\"elementor-accordion-icon elementor-accordion-icon-left\" aria-hidden=\"true\">\n\t\t\t\t\t\t\t\t\t\t\t\t\t\t\t<span class=\"elementor-accordion-icon-closed\"><i class=\"fas fa-plus\"><\/i><\/span>\n\t\t\t\t\t\t\t\t<span class=\"elementor-accordion-icon-opened\"><i class=\"fas fa-minus\"><\/i><\/span>\n\t\t\t\t\t\t\t\t\t\t\t\t\t\t<\/span>\n\t\t\t\t\t\t\t\t\t\t\t\t<a class=\"elementor-accordion-title\" tabindex=\"0\">O que significa PADE?<\/a>\n\t\t\t\t\t<\/div>\n\t\t\t\t\t<div id=\"elementor-tab-content-2021\" class=\"elementor-tab-content elementor-clearfix\" data-tab=\"1\" role=\"region\" aria-labelledby=\"elementor-tab-title-2021\"><p><span style=\"color: #330003; font-family: -apple-system, BlinkMacSystemFont, 'Segoe UI', Roboto, 'Helvetica Neue', Arial, 'Noto Sans', sans-serif; font-size: 16px; background-color: #d7d7d7;\">PADE \u00e9 uma sigla referente a Plano de Apoio a Diversifica\u00e7\u00e3o Econ\u00f4mica que pretende estruturar um plano estrat\u00e9gico para novas fontes de recurso para o munic\u00edpio al\u00e9m da minera\u00e7\u00e3o.<\/span><\/p><\/div>\n\t\t\t\t<\/div>\n\t\t\t\t\t\t\t<div class=\"elementor-accordion-item\">\n\t\t\t\t\t<div id=\"elementor-tab-title-2022\" class=\"elementor-tab-title\" data-tab=\"2\" role=\"button\" aria-controls=\"elementor-tab-content-2022\" aria-expanded=\"false\">\n\t\t\t\t\t\t\t\t\t\t\t\t\t<span class=\"elementor-accordion-icon elementor-accordion-icon-left\" aria-hidden=\"true\">\n\t\t\t\t\t\t\t\t\t\t\t\t\t\t\t<span class=\"elementor-accordion-icon-closed\"><i class=\"fas fa-plus\"><\/i><\/span>\n\t\t\t\t\t\t\t\t<span class=\"elementor-accordion-icon-opened\"><i class=\"fas fa-minus\"><\/i><\/span>\n\t\t\t\t\t\t\t\t\t\t\t\t\t\t<\/span>\n\t\t\t\t\t\t\t\t\t\t\t\t<a class=\"elementor-accordion-title\" tabindex=\"0\">Qual objetivo do PADE?<\/a>\n\t\t\t\t\t<\/div>\n\t\t\t\t\t<div id=\"elementor-tab-content-2022\" class=\"elementor-tab-content elementor-clearfix\" data-tab=\"2\" role=\"region\" aria-labelledby=\"elementor-tab-title-2022\"><p><span style=\"color: rgb(51, 0, 3); font-family: -apple-system, BlinkMacSystemFont, &quot;Segoe UI&quot;, Roboto, &quot;Helvetica Neue&quot;, Arial, &quot;Noto Sans&quot;, sans-serif; font-size: 16px; background-color: rgb(215, 215, 215);\">O PADE tem como objetivo identificar as potencialidades do territ\u00f3rio e propor um sistema de gest\u00e3o e decis\u00e3o local que viabilize alternativas de desenvolvimento econ\u00f4mico para o mun\u00edcipio e regi\u00e3o, tendo como premissa a articula\u00e7\u00e3o e a contribui\u00e7\u00e3o de todas as partes interessadas.<\/span><br><\/p><\/div>\n\t\t\t\t<\/div>\n\t\t\t\t\t\t\t<div class=\"elementor-accordion-item\">\n\t\t\t\t\t<div id=\"elementor-tab-title-2023\" class=\"elementor-tab-title\" data-tab=\"3\" role=\"button\" aria-controls=\"elementor-tab-content-2023\" aria-expanded=\"false\">\n\t\t\t\t\t\t\t\t\t\t\t\t\t<span class=\"elementor-accordion-icon elementor-accordion-icon-left\" aria-hidden=\"true\">\n\t\t\t\t\t\t\t\t\t\t\t\t\t\t\t<span class=\"elementor-accordion-icon-closed\"><i class=\"fas fa-plus\"><\/i><\/span>\n\t\t\t\t\t\t\t\t<span class=\"elementor-accordion-icon-opened\"><i class=\"fas fa-minus\"><\/i><\/span>\n\t\t\t\t\t\t\t\t\t\t\t\t\t\t<\/span>\n\t\t\t\t\t\t\t\t\t\t\t\t<a class=\"elementor-accordion-title\" tabindex=\"0\">Quem pode participar do PADE?<\/a>\n\t\t\t\t\t<\/div>\n\t\t\t\t\t<div id=\"elementor-tab-content-2023\" class=\"elementor-tab-content elementor-clearfix\" data-tab=\"3\" role=\"region\" aria-labelledby=\"elementor-tab-title-2023\"><p><span style=\"color: rgb(51, 0, 3); font-family: -apple-system, BlinkMacSystemFont, &quot;Segoe UI&quot;, Roboto, &quot;Helvetica Neue&quot;, Arial, &quot;Noto Sans&quot;, sans-serif; font-size: 16px; background-color: rgb(215, 215, 215);\">O PADE pretende a forma\u00e7\u00e3o de uma governan\u00e7a de tr\u00eas partes, sendo assim, podem participar representantes do poder p\u00fablico, entidades representativas do setor produtivo e organiza\u00e7\u00f5es da sociedade civil diretamente interessadas na diversifica\u00e7\u00e3o econ\u00f4mica da cidade.<\/span><br><\/p><\/div>\n\t\t\t\t<\/div>\n\t\t\t\t\t\t\t<div class=\"elementor-accordion-item\">\n\t\t\t\t\t<div id=\"elementor-tab-title-2024\" class=\"elementor-tab-title\" data-tab=\"4\" role=\"button\" aria-controls=\"elementor-tab-content-2024\" aria-expanded=\"false\">\n\t\t\t\t\t\t\t\t\t\t\t\t\t<span class=\"elementor-accordion-icon elementor-accordion-icon-left\" aria-hidden=\"true\">\n\t\t\t\t\t\t\t\t\t\t\t\t\t\t\t<span class=\"elementor-accordion-icon-closed\"><i class=\"fas fa-plus\"><\/i><\/span>\n\t\t\t\t\t\t\t\t<span class=\"elementor-accordion-icon-opened\"><i class=\"fas fa-minus\"><\/i><\/span>\n\t\t\t\t\t\t\t\t\t\t\t\t\t\t<\/span>\n\t\t\t\t\t\t\t\t\t\t\t\t<a class=\"elementor-accordion-title\" tabindex=\"0\">Como o PADE foi definido?<\/a>\n\t\t\t\t\t<\/div>\n\t\t\t\t\t<div id=\"elementor-tab-content-2024\" class=\"elementor-tab-content elementor-clearfix\" data-tab=\"4\" role=\"region\" aria-labelledby=\"elementor-tab-title-2024\"><p><span style=\"color: rgb(51, 0, 3); font-family: -apple-system, BlinkMacSystemFont, &quot;Segoe UI&quot;, Roboto, &quot;Helvetica Neue&quot;, Arial, &quot;Noto Sans&quot;, sans-serif; font-size: 16px; background-color: rgb(215, 215, 215);\">O Plano de Apoio a Diversifica\u00e7\u00e3o Econ\u00f4mica foi constru\u00eddo a partir de pesquisas, entrevistas, escuta ativa das partes interessadas e pretende se manter em constru\u00e7\u00e3o continua a partir das contribui\u00e7\u00f5es do atores engajados no projeto.<\/span><br><\/p><\/div>\n\t\t\t\t<\/div>\n\t\t\t\t\t\t\t<div class=\"elementor-accordion-item\">\n\t\t\t\t\t<div id=\"elementor-tab-title-2025\" class=\"elementor-tab-title\" data-tab=\"5\" role=\"button\" aria-controls=\"elementor-tab-content-2025\" aria-expanded=\"false\">\n\t\t\t\t\t\t\t\t\t\t\t\t\t<span class=\"elementor-accordion-icon elementor-accordion-icon-left\" aria-hidden=\"true\">\n\t\t\t\t\t\t\t\t\t\t\t\t\t\t\t<span class=\"elementor-accordion-icon-closed\"><i class=\"fas fa-plus\"><\/i><\/span>\n\t\t\t\t\t\t\t\t<span class=\"elementor-accordion-icon-opened\"><i class=\"fas fa-minus\"><\/i><\/span>\n\t\t\t\t\t\t\t\t\t\t\t\t\t\t<\/span>\n\t\t\t\t\t\t\t\t\t\t\t\t<a class=\"elementor-accordion-title\" tabindex=\"0\">O que n\u00e3o \u00e9 PADE?<\/a>\n\t\t\t\t\t<\/div>\n\t\t\t\t\t<div id=\"elementor-tab-content-2025\" class=\"elementor-tab-content elementor-clearfix\" data-tab=\"5\" role=\"region\" aria-labelledby=\"elementor-tab-title-2025\"><p class=\"western\" style=\"margin-bottom: 1em; color: rgb(51, 0, 3); font-family: -apple-system, BlinkMacSystemFont, &quot;Segoe UI&quot;, Roboto, &quot;Helvetica Neue&quot;, Arial, &quot;Noto Sans&quot;, sans-serif; font-size: 16px; background-color: rgb(215, 215, 215);\">O PADE n\u00e3o \u00e9 um plano unilateral que pretende beneficiar ou privilegiar um grupo espec\u00edfico.<\/p><p class=\"western\" style=\"margin-bottom: 0px; color: rgb(51, 0, 3); font-family: -apple-system, BlinkMacSystemFont, &quot;Segoe UI&quot;, Roboto, &quot;Helvetica Neue&quot;, Arial, &quot;Noto Sans&quot;, sans-serif; font-size: 16px; background-color: rgb(215, 215, 215);\">Al\u00e9m disso, n\u00e3o \u00e9 a proposta deste plano sobrepor as a\u00e7\u00f5es j\u00e1 existente no territ\u00f3rio, mas, sim, somar for\u00e7as. O PADE n\u00e3o tem car\u00e1ter pol\u00edtico partid\u00e1rio, religioso, racial e nem fins lucrativos.<\/p><\/div>\n\t\t\t\t<\/div>\n\t\t\t\t\t\t\t\t<\/div>\n\t\t\t\t\t\t<\/div>\n\t\t\t\t<\/div>\n\t\t\t\t\t<\/div>\n\t\t\t\t<\/div>\n\t\t\t\t<\/div>\n\t\t","protected":false},"excerpt":{"rendered":"<p>O que significa PADE? PADE \u00e9 uma sigla referente a Plano de Apoio a Diversifica\u00e7\u00e3o Econ\u00f4mica que pretende estruturar um plano estrat\u00e9gico para novas fontes de recurso para o munic\u00edpio al\u00e9m da minera\u00e7\u00e3o. Qual objetivo do PADE? O PADE tem como objetivo identificar as potencialidades do territ\u00f3rio e propor um sistema de gest\u00e3o e decis\u00e3o [&hellip;]<\/p>\n","protected":false},"author":1,"featured_media":0,"parent":0,"menu_order":0,"comment_status":"closed","ping_status":"closed","template":"","meta":{"footnotes":""},"class_list":["post-1494","page","type-page","status-publish","hentry"],"_links":{"self":[{"href":"https:\/\/pade.com.br\/index.php?rest_route=\/wp\/v2\/pages\/1494","targetHints":{"allow":["GET"]}}],"collection":[{"href":"https:\/\/pade.com.br\/index.php?rest_route=\/wp\/v2\/pages"}],"about":[{"href":"https:\/\/pade.com.br\/index.php?rest_route=\/wp\/v2\/types\/page"}],"author":[{"embeddable":true,"href":"https:\/\/pade.com.br\/index.php?rest_route=\/wp\/v2\/users\/1"}],"replies":[{"embeddable":true,"href":"https:\/\/pade.com.br\/index.php?rest_route=%2Fwp%2Fv2%2Fcomments&post=1494"}],"version-history":[{"count":4,"href":"https:\/\/pade.com.br\/index.php?rest_route=\/wp\/v2\/pages\/1494\/revisions"}],"predecessor-version":[{"id":1498,"href":"https:\/\/pade.com.br\/index.php?rest_route=\/wp\/v2\/pages\/1494\/revisions\/1498"}],"wp:attachment":[{"href":"https:\/\/pade.com.br\/index.php?rest_route=%2Fwp%2Fv2%2Fmedia&parent=1494"}],"curies":[{"name":"wp","href":"https:\/\/api.w.org\/{rel}","templated":true}]}}